{"id":11,"date":"2024-02-12T21:49:16","date_gmt":"2024-02-12T20:49:16","guid":{"rendered":"http:\/\/capoeira-do-pequeno-mar.fr\/?page_id=11"},"modified":"2024-02-12T22:20:11","modified_gmt":"2024-02-12T21:20:11","slug":"cours","status":"publish","type":"page","link":"https:\/\/capoeira-do-pequeno-mar.fr\/index.php\/cours\/","title":{"rendered":"Cours"},"content":{"rendered":"\n<div class=\"wp-block-media-text is-stacked-on-mobile\"><figure class=\"wp-block-media-text__media\"><img loading=\"lazy\" decoding=\"async\" width=\"990\" height=\"703\" src=\"http:\/\/capoeira-do-pequeno-mar.fr\/wp-content\/uploads\/2024\/02\/salle-Ploemel-Capoeira-do-pequeno-mar-1.png\" alt=\"\" class=\"wp-image-40 size-full\" srcset=\"https:\/\/capoeira-do-pequeno-mar.fr\/wp-content\/uploads\/2024\/02\/salle-Ploemel-Capoeira-do-pequeno-mar-1.png 990w, https:\/\/capoeira-do-pequeno-mar.fr\/wp-content\/uploads\/2024\/02\/salle-Ploemel-Capoeira-do-pequeno-mar-1-300x213.png 300w, https:\/\/capoeira-do-pequeno-mar.fr\/wp-content\/uploads\/2024\/02\/salle-Ploemel-Capoeira-do-pequeno-mar-1-768x545.png 768w\" sizes=\"auto, (max-width: 990px) 100vw, 990px\" \/><\/figure><div class=\"wp-block-media-text__content\">\n<p class=\"has-large-font-size\"><strong>PLOEMEL<\/strong><\/p>\n\n\n\n<p>Cours Ado &#8211; Adultes<\/p>\n\n\n\n<p>18h30 \u00e0 20h<\/p>\n\n\n\n<p>Salle du Groez Ven &#8211; Rue du Leno &#8211; 56400 Ploemel<\/p>\n\n\n\n<p>Cours donn\u00e9 par le Professor R\u00e9no<\/p>\n<\/div><\/div>\n","protected":false},"excerpt":{"rendered":"<p>PLOEMEL Cours Ado &#8211; Adultes 18h30 \u00e0 20h Salle du Groez Ven &#8211; Rue du Leno &#8211; 56400 Ploemel Cours donn\u00e9 par le Professor R\u00e9no<\/p>\n","protected":false},"author":1,"featured_media":0,"parent":0,"menu_order":0,"comment_status":"closed","ping_status":"closed","template":"","meta":{"footnotes":""},"class_list":["post-11","page","type-page","status-publish","hentry"],"_links":{"self":[{"href":"https:\/\/capoeira-do-pequeno-mar.fr\/index.php\/wp-json\/wp\/v2\/pages\/11","targetHints":{"allow":["GET"]}}],"collection":[{"href":"https:\/\/capoeira-do-pequeno-mar.fr\/index.php\/wp-json\/wp\/v2\/pages"}],"about":[{"href":"https:\/\/capoeira-do-pequeno-mar.fr\/index.php\/wp-json\/wp\/v2\/types\/page"}],"author":[{"embeddable":true,"href":"https:\/\/capoeira-do-pequeno-mar.fr\/index.php\/wp-json\/wp\/v2\/users\/1"}],"replies":[{"embeddable":true,"href":"https:\/\/capoeira-do-pequeno-mar.fr\/index.php\/wp-json\/wp\/v2\/comments?post=11"}],"version-history":[{"count":6,"href":"https:\/\/capoeira-do-pequeno-mar.fr\/index.php\/wp-json\/wp\/v2\/pages\/11\/revisions"}],"predecessor-version":[{"id":42,"href":"https:\/\/capoeira-do-pequeno-mar.fr\/index.php\/wp-json\/wp\/v2\/pages\/11\/revisions\/42"}],"wp:attachment":[{"href":"https:\/\/capoeira-do-pequeno-mar.fr\/index.php\/wp-json\/wp\/v2\/media?parent=11"}],"curies":[{"name":"wp","href":"https:\/\/api.w.org\/{rel}","templated":true}]}}